{"id":507,"date":"2024-02-16T19:52:27","date_gmt":"2024-02-16T18:52:27","guid":{"rendered":"https:\/\/bacacay.es\/?page_id=507"},"modified":"2025-06-18T06:27:04","modified_gmt":"2025-06-18T04:27:04","slug":"contact","status":"publish","type":"page","link":"https:\/\/bacacay.es\/en\/contact\/","title":{"rendered":"Contact"},"content":{"rendered":"\n<div class=\"wp-block-group has-global-padding is-layout-constrained wp-block-group-is-layout-constrained\" style=\"margin-bottom:var(--wp--preset--spacing--40);padding-bottom:0\">\n<div class=\"wp-block-group is-content-justification-center is-nowrap is-layout-flex wp-container-core-group-is-layout-23441af8 wp-block-group-is-layout-flex\">\n<hr class=\"wp-block-separator has-text-color has-accent-color has-alpha-channel-opacity has-accent-background-color has-background is-style-default tw-block-animation tw-animation-wipe-right\"\/>\n\n\n\n<p class=\"has-text-align-center\"><em>Nuestro WhatsApp<\/em><\/p>\n\n\n\n<hr class=\"wp-block-separator has-text-color has-accent-color has-alpha-channel-opacity has-accent-background-color has-background is-style-default tw-block-animation tw-animation-wipe-left\"\/>\n<\/div>\n\n\n\n<p class=\"has-text-align-center\"><a href=\"https:\/\/wa.me\/34641509395\" target=\"_blank\" rel=\"noopener\">641 509 395<\/a>, tambi\u00e9n nos puedes <\/p>\n\n\n\n<div class=\"wp-block-buttons is-content-justification-center is-layout-flex wp-container-core-buttons-is-layout-a89b3969 wp-block-buttons-is-layout-flex\">\n<div class=\"wp-block-button has-custom-width wp-block-button__width-50\"><a class=\"wp-block-button__link has-accent-background-color has-background wp-element-button\" href=\"tel:641509395\">llamar<\/a><\/div>\n<\/div>\n<\/div>\n\n\n\n<div class=\"wp-block-group has-global-padding is-layout-constrained wp-block-group-is-layout-constrained\" style=\"margin-bottom:var(--wp--preset--spacing--40);padding-bottom:0\">\n<div class=\"wp-block-group alignfull is-content-justification-center is-nowrap is-layout-flex wp-container-core-group-is-layout-23441af8 wp-block-group-is-layout-flex\">\n<hr class=\"wp-block-separator has-text-color has-accent-color has-alpha-channel-opacity has-accent-background-color has-background is-style-default tw-block-animation tw-animation-wipe-right\"\/>\n\n\n\n<p class=\"has-text-align-center\"><em>Nuestro local<\/em><\/p>\n\n\n\n<hr class=\"wp-block-separator has-text-color has-accent-color has-alpha-channel-opacity has-accent-background-color has-background is-style-default tw-block-animation tw-animation-wipe-left\"\/>\n<\/div>\n\n\n\n<p class=\"has-text-align-center\">Calle Campos Vasallo 31, 03004 Alicante<\/p>\n\n\n\n<div style=\"height:20px\" aria-hidden=\"true\" class=\"wp-block-spacer\"><\/div>\n\n\n\n<div class=\"wp-block-stackable-map alignfull stk-block-map stk--uses-api-key stk-block stk-abe79c0\" data-block-id=\"abe79c0\"><style>.stk-abe79c0 {border-top-left-radius:40px !important;border-top-right-radius:40px !important;border-bottom-right-radius:40px !important;border-bottom-left-radius:40px !important;overflow:hidden !important;margin-bottom:0px !important;}<\/style><style class=\"stk-custom-css\">.stk-abe79c0.stk-block-map{width:100% !important}<\/style><div data-map-options=\"{&quot;center&quot;:{&quot;lat&quot;:38.348607,&quot;lng&quot;:-0.4880428000000001},&quot;zoom&quot;:16,&quot;styles&quot;:[{&quot;elementType&quot;:&quot;geometry&quot;,&quot;stylers&quot;:[{&quot;color&quot;:&quot;#f5f5f5&quot;}]},{&quot;elementType&quot;:&quot;labels.icon&quot;,&quot;stylers&quot;:[{&quot;visibility&quot;:&quot;off&quot;}]},{&quot;elementType&quot;:&quot;labels.text.fill&quot;,&quot;stylers&quot;:[{&quot;color&quot;:&quot;#616161&quot;}]},{&quot;elementType&quot;:&quot;labels.text.stroke&quot;,&quot;stylers&quot;:[{&quot;color&quot;:&quot;#f5f5f5&quot;}]},{&quot;featureType&quot;:&quot;administrative.land_parcel&quot;,&quot;elementType&quot;:&quot;labels.text.fill&quot;,&quot;stylers&quot;:[{&quot;color&quot;:&quot;#bdbdbd&quot;}]},{&quot;featureType&quot;:&quot;poi&quot;,&quot;elementType&quot;:&quot;geometry&quot;,&quot;stylers&quot;:[{&quot;color&quot;:&quot;#eeeeee&quot;}]},{&quot;featureType&quot;:&quot;poi&quot;,&quot;elementType&quot;:&quot;labels.text.fill&quot;,&quot;stylers&quot;:[{&quot;color&quot;:&quot;#757575&quot;}]},{&quot;featureType&quot;:&quot;poi.park&quot;,&quot;elementType&quot;:&quot;geometry&quot;,&quot;stylers&quot;:[{&quot;color&quot;:&quot;#e5e5e5&quot;}]},{&quot;featureType&quot;:&quot;poi.park&quot;,&quot;elementType&quot;:&quot;labels.text.fill&quot;,&quot;stylers&quot;:[{&quot;color&quot;:&quot;#9e9e9e&quot;}]},{&quot;featureType&quot;:&quot;road&quot;,&quot;elementType&quot;:&quot;geometry&quot;,&quot;stylers&quot;:[{&quot;color&quot;:&quot;#ffffff&quot;}]},{&quot;featureType&quot;:&quot;road.arterial&quot;,&quot;elementType&quot;:&quot;labels.text.fill&quot;,&quot;stylers&quot;:[{&quot;color&quot;:&quot;#757575&quot;}]},{&quot;featureType&quot;:&quot;road.highway&quot;,&quot;elementType&quot;:&quot;geometry&quot;,&quot;stylers&quot;:[{&quot;color&quot;:&quot;#dadada&quot;}]},{&quot;featureType&quot;:&quot;road.highway&quot;,&quot;elementType&quot;:&quot;labels.text.fill&quot;,&quot;stylers&quot;:[{&quot;color&quot;:&quot;#616161&quot;}]},{&quot;featureType&quot;:&quot;road.local&quot;,&quot;elementType&quot;:&quot;labels.text.fill&quot;,&quot;stylers&quot;:[{&quot;color&quot;:&quot;#9e9e9e&quot;}]},{&quot;featureType&quot;:&quot;transit.line&quot;,&quot;elementType&quot;:&quot;geometry&quot;,&quot;stylers&quot;:[{&quot;color&quot;:&quot;#e5e5e5&quot;}]},{&quot;featureType&quot;:&quot;transit.station&quot;,&quot;elementType&quot;:&quot;geometry&quot;,&quot;stylers&quot;:[{&quot;color&quot;:&quot;#eeeeee&quot;}]},{&quot;featureType&quot;:&quot;water&quot;,&quot;elementType&quot;:&quot;geometry&quot;,&quot;stylers&quot;:[{&quot;color&quot;:&quot;#c9c9c9&quot;}]},{&quot;featureType&quot;:&quot;water&quot;,&quot;elementType&quot;:&quot;labels.text.fill&quot;,&quot;stylers&quot;:[{&quot;color&quot;:&quot;#9e9e9e&quot;}]}],&quot;fullscreenControl&quot;:false,&quot;mapTypeControl&quot;:false,&quot;streetViewControl&quot;:false,&quot;zoomControl&quot;:false}\" data-marker-options=\"{&quot;position&quot;:{&quot;lat&quot;:38.348607,&quot;lng&quot;:-0.4880428000000001},&quot;title&quot;:&quot;Carrer Poeta Campos Vasallo, 31, 03004 Alacant, Alicante, Espa\u00f1a&quot;}\" data-icon-options=\"null\" class=\"stk-block-map__canvas\"><\/div><\/div>\n<\/div>\n\n\n\n<div class=\"wp-block-group has-global-padding is-layout-constrained wp-block-group-is-layout-constrained\" style=\"margin-bottom:var(--wp--preset--spacing--40);padding-bottom:0\">\n<div class=\"wp-block-group alignfull is-content-justification-center is-nowrap is-layout-flex wp-container-core-group-is-layout-23441af8 wp-block-group-is-layout-flex\">\n<hr class=\"wp-block-separator has-text-color has-accent-color has-alpha-channel-opacity has-accent-background-color has-background is-style-default tw-block-animation tw-animation-wipe-right\"\/>\n\n\n\n<p class=\"has-text-align-center\"><em>Horario<\/em><\/p>\n\n\n\n<hr class=\"wp-block-separator has-text-color has-accent-color has-alpha-channel-opacity has-accent-background-color has-background is-style-default tw-block-animation tw-animation-wipe-left\"\/>\n<\/div>\n\n\n\n<p class=\"has-text-align-center\"><strong>Mi\u00e9rcoles a domingo<\/strong> de 13h a 16h y de 19h30 a 23h<\/p>\n\n\n\n<p class=\"has-text-align-center\"><strong>Martes<\/strong> de 19h30 a 23h<\/p>\n\n\n\n<p class=\"has-text-align-center\">Lunes cerrado<\/p>\n\n\n\n<div style=\"height:20px\" aria-hidden=\"true\" class=\"wp-block-spacer\"><\/div>\n\n\n\n<figure style=\"--shape: url(#tw-shape-organic-circle-1);\" class=\"wp-block-image size-full is-style-rounded is-style-rounded--1\"><img loading=\"lazy\" decoding=\"async\" width=\"1200\" height=\"800\" src=\"https:\/\/bacacay.es\/media\/BACACAY-EVENTO-0008.webp\" alt=\"Contacto, ambiente c\u00e1lido y parrilla a la vista: experiencia completa en Bacacay Parrilla Argentina.\" class=\"wp-image-571\" srcset=\"https:\/\/bacacay.es\/media\/BACACAY-EVENTO-0008.webp 1200w, https:\/\/bacacay.es\/media\/BACACAY-EVENTO-0008-768x512.webp 768w\" sizes=\"auto, (max-width: 1200px) 100vw, 1200px\" \/><\/figure>\n<\/div>\n\n\n\n<div class=\"wp-block-group has-global-padding is-layout-constrained wp-block-group-is-layout-constrained\" style=\"margin-bottom:var(--wp--preset--spacing--30);padding-bottom:0\">\n<div class=\"wp-block-group is-content-justification-center is-nowrap is-layout-flex wp-container-core-group-is-layout-23441af8 wp-block-group-is-layout-flex\">\n<hr class=\"wp-block-separator has-text-color has-accent-color has-alpha-channel-opacity has-accent-background-color has-background is-style-default tw-block-animation tw-animation-wipe-right\"\/>\n\n\n\n<h2 class=\"wp-block-heading has-text-align-center\"><em>Formulario de contacto<\/em><\/h2>\n\n\n\n<hr class=\"wp-block-separator has-text-color has-accent-color has-alpha-channel-opacity has-accent-background-color has-background is-style-default tw-block-animation tw-animation-wipe-left\"\/>\n<\/div>\n\n\n\n<p class=\"has-text-align-center\"><a href=\"tel:641509395\">Si quieres reservar nuestro local<\/a> para un evento privado, escr\u00edbenos contando qu\u00e9 tienes <a href=\"https:\/\/bacacay.es\/instagram\/\">pensado preparar<\/a>.<\/p>\n\n\n\n<div class=\"wp-block-group alignwide has-contrast-background-color has-background has-global-padding is-layout-constrained wp-block-group-is-layout-constrained\" style=\"border-radius:32px;margin-top:var(--wp--preset--spacing--20);margin-bottom:var(--wp--preset--spacing--20)\"><div class=\"wp-block-kadence-advanced-form wp-block-kadence-advanced-form394-cpt-id kb-adv-form-label-style-normal kb-adv-form-input-size-standard kb-form-basic-style kb-form-hide-required-asterisk wp-block-kadence-advanced-form\"><form id=\"kb-adv-form-394-cpt-id\" class=\"kb-advanced-form\" method=\"post\">\n<div class=\"kb-adv-form-field kb-adv-form-text-type-input kb-adv-form-infield-type-input kb-field3945ddc7f-25 wp-block-kadence-advanced-form-email\"><label class=\"kb-adv-form-label\" for=\"field3945ddc7f-25\">Email<span class=\"kb-adv-form-required\">*<\/span><\/label><input name=\"field5ddc7f-25\" id=\"field3945ddc7f-25\" data-label=\"Email\" type=\"email\" placeholder=\"\" value=\"\" data-type=\"email\" class=\"kb-field kb-email-field\" data-required=\"yes\" required aria-required=\"true\"\/><\/div>\n\n<div class=\"kb-adv-form-field kb-adv-form-text-type-input kb-adv-form-infield-type-input kb-field394637d17-f8 wp-block-kadence-advanced-form-telephone\"><label class=\"kb-adv-form-label\" for=\"field394637d17-f8\">Tel\u00e9fono<span class=\"kb-adv-form-required\">*<\/span><\/label><input name=\"field637d17-f8\" id=\"field394637d17-f8\" data-label=\"Tel\u00e9fono\" type=\"tel\" placeholder=\"\" value=\"\" data-type=\"tel\" class=\"kb-field kb-tel-field\" data-required=\"yes\" required aria-required=\"true\"\/><\/div>\n\n<div class=\"kb-adv-form-field kb-adv-form-text-type-input kb-adv-form-infield-type-input kb-field3941a5941-09 wp-block-kadence-advanced-form-textarea\"><label class=\"kb-adv-form-label\" for=\"field3941a5941-09\">Cu\u00e9ntanos sobre tu evento<span class=\"kb-adv-form-required\">*<\/span><\/label><textarea name=\"field1a5941-09\" id=\"field3941a5941-09\" rows=\"6\"  aria-describedby=\"aria-describe3941a5941-09\" data-label=\"Cu\u00e9ntanos sobre tu evento\" placeholder=\"\" data-type=\"textarea\" class=\"kb-field kb-textarea-field\" data-required=\"yes\" required aria-required=\"true\"><\/textarea><div class=\"kb-adv-form-help\" id=\"aria-describe3941a5941-09\">Cosas como cu\u00e1ndo es, cu\u00e1ntas personas esperas, si necesitas equipo de m\u00fasica, proyector, etc.<\/div><\/div>\n\n<div class=\"kb-adv-form-field kb-submit-field kb-fieldb9d3ba-55 wp-block-kadence-advanced-form-submit\"><button class=\"kb-button kt-button button kb-adv-form-submit-button kb-btnb9d3ba-55 kt-btn-size-large kt-btn-width-type-full kb-btn-global-fill kt-btn-has-text-true kt-btn-has-svg-false\" type=\"submit\"><span class=\"kt-btn-inner-text\">Enviar<\/span><\/button><\/div>\n<input type=\"hidden\" name=\"_kb_adv_form_post_id\" value=\"394\"><input type=\"hidden\" name=\"action\" value=\"kb_process_advanced_form_submit\"><input type=\"hidden\" name=\"_kb_adv_form_id\" value=\"394-cpt-id\"><\/form><\/div><\/div>\n<\/div>\n","protected":false},"excerpt":{"rendered":"<p>Our WhatsApp 641 509 395, you can also contact us Our premises Calle Campos Vasallo 31, 03004 Alicante Opening hours Wednesday to Sunday from 13h to 16h and from 19h30 to 23h Tuesday from 19h30 to 23h Monday closed Contact form If you want to book our premises for a private event, write us telling us what you plan to prepare.<\/p>","protected":false},"author":13,"featured_media":460,"parent":0,"menu_order":0,"comment_status":"closed","ping_status":"open","template":"","meta":{"inline_featured_image":false,"_kad_blocks_custom_css":"","_kad_blocks_head_custom_js":"","_kad_blocks_body_custom_js":"","_kad_blocks_footer_custom_js":"","_joinchat":[],"footnotes":""},"class_list":["post-507","page","type-page","status-publish","has-post-thumbnail","hentry"],"taxonomy_info":[],"featured_image_src_large":["https:\/\/bacacay.es\/media\/bacacay-eventos_40.webp",800,533,false],"author_info":{"display_name":"Flavia","author_link":"https:\/\/bacacay.es\/en\/author\/flabernardez_admin\/"},"comment_info":"","_links":{"self":[{"href":"https:\/\/bacacay.es\/en\/wp-json\/wp\/v2\/pages\/507","targetHints":{"allow":["GET"]}}],"collection":[{"href":"https:\/\/bacacay.es\/en\/wp-json\/wp\/v2\/pages"}],"about":[{"href":"https:\/\/bacacay.es\/en\/wp-json\/wp\/v2\/types\/page"}],"author":[{"embeddable":true,"href":"https:\/\/bacacay.es\/en\/wp-json\/wp\/v2\/users\/13"}],"replies":[{"embeddable":true,"href":"https:\/\/bacacay.es\/en\/wp-json\/wp\/v2\/comments?post=507"}],"version-history":[{"count":0,"href":"https:\/\/bacacay.es\/en\/wp-json\/wp\/v2\/pages\/507\/revisions"}],"wp:featuredmedia":[{"embeddable":true,"href":"https:\/\/bacacay.es\/en\/wp-json\/wp\/v2\/media\/460"}],"wp:attachment":[{"href":"https:\/\/bacacay.es\/en\/wp-json\/wp\/v2\/media?parent=507"}],"curies":[{"name":"wp","href":"https:\/\/api.w.org\/{rel}","templated":true}]}}